{"id":697,"date":"2021-09-30T15:07:56","date_gmt":"2021-09-30T18:07:56","guid":{"rendered":"http:\/\/c2490507.ferozo.com\/to-pro\/?page_id=697"},"modified":"2022-10-24T08:36:16","modified_gmt":"2022-10-24T11:36:16","slug":"contacto","status":"publish","type":"page","link":"https:\/\/elpachilinartista.com\/sitio\/contacto\/","title":{"rendered":"Contacto"},"content":{"rendered":"<p>[et_pb_section fb_built=&#8221;1&#8243; _builder_version=&#8221;4.18.0&#8243; _module_preset=&#8221;default&#8221; background_image=&#8221;https:\/\/elpachilinartista.com\/sitio\/wp-content\/uploads\/2022\/10\/Trazado-12167.png&#8221; background_last_edited=&#8221;on|phone&#8221; background_enable_image_phone=&#8221;off&#8221; da_disable_devices=&#8221;off|off|off&#8221; global_colors_info=&#8221;{}&#8221; da_is_popup=&#8221;off&#8221; da_exit_intent=&#8221;off&#8221; da_has_close=&#8221;on&#8221; da_alt_close=&#8221;off&#8221; da_dark_close=&#8221;off&#8221; da_not_modal=&#8221;on&#8221; da_is_singular=&#8221;off&#8221; da_with_loader=&#8221;off&#8221; da_has_shadow=&#8221;on&#8221;][et_pb_row column_structure=&#8221;1_2,1_2&#8243; make_equal=&#8221;on&#8221; _builder_version=&#8221;4.18.0&#8243; _module_preset=&#8221;default&#8221; custom_padding=&#8221;0px||0px||true|false&#8221; global_colors_info=&#8221;{}&#8221;][et_pb_column type=&#8221;1_2&#8243; _builder_version=&#8221;4.18.0&#8243; _module_preset=&#8221;default&#8221; global_colors_info=&#8221;{}&#8221;][et_pb_text _builder_version=&#8221;4.18.0&#8243; _module_preset=&#8221;e17ebadd-dda7-462b-aa94-647cb9a0d287&#8243; text_orientation=&#8221;left&#8221; global_colors_info=&#8221;{}&#8221;]<\/p>\n<p>D\u00e9jame tu consulta<\/p>\n<p>[\/et_pb_text][et_pb_text _builder_version=&#8221;4.18.0&#8243; _module_preset=&#8221;56a92073-7cd5-499c-9163-63f42405fe2f&#8221; text_text_color=&#8221;#0B1E41&#8243; text_orientation=&#8221;left&#8221; global_colors_info=&#8221;{}&#8221;]<\/p>\n<p>Cont\u00e1ctate conmigo<\/p>\n<p>[\/et_pb_text][et_pb_text _builder_version=&#8221;4.18.0&#8243; _module_preset=&#8221;a829b51c-eb21-4ed6-8041-90d5b54f9c9a&#8221; max_width=&#8221;455px&#8221; global_colors_info=&#8221;{}&#8221;]<\/p>\n<p>Puedes escribirme por mail, WhatsApp, redes sociales o tambi\u00e9n dejar tu informaci\u00f3n en el formulario y en breve me comunicar\u00e9 contigo.<\/p>\n<p>[\/et_pb_text][et_pb_blurb image=&#8221;https:\/\/elpachilinartista.com\/sitio\/wp-content\/uploads\/2022\/08\/Icon-material-location-on.png&#8221; image_icon_width=&#8221;16px&#8221; _builder_version=&#8221;4.18.0&#8243; _module_preset=&#8221;16ac3e80-b87e-4e6f-8880-8ad0a760b50a&#8221; image_icon_custom_margin_phone=&#8221;|0px||0px|false|true&#8221; global_colors_info=&#8221;{}&#8221; custom_css_blurb_image_last_edited=&#8221;on|tablet&#8221;]<\/p>\n<p>Costa Calma, Fuerteventura, Canarias, Espa\u00f1a<\/p>\n<p>[\/et_pb_blurb][et_pb_blurb image=&#8221;https:\/\/elpachilinartista.com\/sitio\/wp-content\/uploads\/2022\/08\/Icon-ionic-ios-clock.png&#8221; image_icon_width=&#8221;18px&#8221; _builder_version=&#8221;4.18.0&#8243; _module_preset=&#8221;16ac3e80-b87e-4e6f-8880-8ad0a760b50a&#8221; image_icon_custom_margin=&#8221;4px||||false|false&#8221; global_colors_info=&#8221;{}&#8221;]<\/p>\n<p>Flexibilidad horaria<\/p>\n<p>[\/et_pb_blurb][et_pb_blurb image=&#8221;https:\/\/elpachilinartista.com\/sitio\/wp-content\/uploads\/2022\/08\/Icon-ionic-logo-whatsapp.png&#8221; image_icon_width=&#8221;18px&#8221; _builder_version=&#8221;4.18.0&#8243; _module_preset=&#8221;16ac3e80-b87e-4e6f-8880-8ad0a760b50a&#8221; image_icon_custom_margin=&#8221;4px||||false|false&#8221; global_colors_info=&#8221;{}&#8221;]<\/p>\n<p>+0034 696517017<\/p>\n<p>[\/et_pb_blurb][et_pb_blurb image=&#8221;https:\/\/elpachilinartista.com\/sitio\/wp-content\/uploads\/2022\/08\/Icon-material-email.png&#8221; image_icon_width=&#8221;19px&#8221; _builder_version=&#8221;4.18.0&#8243; _module_preset=&#8221;16ac3e80-b87e-4e6f-8880-8ad0a760b50a&#8221; image_icon_custom_margin=&#8221;6px||||false|false&#8221; global_colors_info=&#8221;{}&#8221;]<\/p>\n<p>fonsipachilin@hotmail.com<\/p>\n<p>[\/et_pb_blurb][et_pb_text _builder_version=&#8221;4.18.0&#8243; _module_preset=&#8221;56a92073-7cd5-499c-9163-63f42405fe2f&#8221; text_text_color=&#8221;#0B1E41&#8243; text_font_size=&#8221;20px&#8221; text_orientation=&#8221;left&#8221; custom_margin=&#8221;45px||15px||false|false&#8221; global_colors_info=&#8221;{}&#8221;]<\/p>\n<p>S\u00edgueme en las redes<\/p>\n<p>[\/et_pb_text][et_pb_blurb url=&#8221;https:\/\/www.instagram.com\/el.pachilin.artista\/&#8221; url_new_window=&#8221;on&#8221; image=&#8221;https:\/\/elpachilinartista.com\/sitio\/wp-content\/uploads\/2022\/08\/Icon-awesome-instagram.png&#8221; _builder_version=&#8221;4.18.0&#8243; _module_preset=&#8221;16ac3e80-b87e-4e6f-8880-8ad0a760b50a&#8221; link_option_url=&#8221;https:\/\/www.instagram.com\/el.pachilin.artista\/&#8221; link_option_url_new_window=&#8221;on&#8221; hover_enabled=&#8221;0&#8243; locked=&#8221;off&#8221; global_colors_info=&#8221;{}&#8221; sticky_enabled=&#8221;0&#8243; custom_css_blurb_image_tablet=&#8221;margin-top: 8px;||margin-bottom:10px;||margin-left: 49.5%;||margin-right:48%&#8221;]<\/p>\n<p>\/el.pachilin.artista<\/p>\n<p>[\/et_pb_blurb][et_pb_blurb url=&#8221;https:\/\/www.facebook.com\/El.Pachilin.Artista&#8221; url_new_window=&#8221;on&#8221; image=&#8221;https:\/\/elpachilinartista.com\/sitio\/wp-content\/uploads\/2022\/08\/Icon-awesome-facebook-square.png&#8221; _builder_version=&#8221;4.18.0&#8243; _module_preset=&#8221;16ac3e80-b87e-4e6f-8880-8ad0a760b50a&#8221; link_option_url=&#8221;https:\/\/www.facebook.com\/El.Pachilin.Artista&#8221; link_option_url_new_window=&#8221;on&#8221; hover_enabled=&#8221;0&#8243; locked=&#8221;off&#8221; global_colors_info=&#8221;{}&#8221; custom_css_blurb_image_tablet=&#8221;margin-top: 8px;||margin-bottom:10px;||margin-left: 49.5%;||margin-right:48%&#8221; sticky_enabled=&#8221;0&#8243;]<\/p>\n<p>\/el.pachilin.artista<\/p>\n<p>[\/et_pb_blurb][\/et_pb_column][et_pb_column type=&#8221;1_2&#8243; _builder_version=&#8221;4.18.0&#8243; _module_preset=&#8221;default&#8221; background_color=&#8221;#886124&#8243; custom_padding=&#8221;40px|40px|40px|40px|true|true&#8221; global_colors_info=&#8221;{}&#8221;][et_pb_contact_form use_spam_service=&#8221;on&#8221; recaptcha_list=&#8221;Alfonso Pachilin|Alfonso Pachilin-0&#8243; email=&#8221;fonsipachilin@hotmail.com&#8221; title=&#8221;Formulario de contacto&#8221; custom_message=&#8221;\u00a1FELICITACIONES! Lleg\u00f3 un nuevo mensaje del Sitio Web, \u00a1alguien tiene inter\u00e9s en tus servicios! :)||et_pb_line_break_holder||||et_pb_line_break_holder||Nombre: %%Nombre%%||et_pb_line_break_holder||Whatsapp: %%Whatsapp%%||et_pb_line_break_holder||E-mail: %%E-mail%%||et_pb_line_break_holder||||et_pb_line_break_holder||Su mensaje dice&#8230;: %%Mensaje%%||et_pb_line_break_holder||||et_pb_line_break_holder||***||et_pb_line_break_holder||||et_pb_line_break_holder||\u00a1TIPS!||et_pb_line_break_holder||\u2022 Al momento de responderle, recuerda copiar la direcci\u00f3n de e-mail de la persona y colocarla en el campo de Destinatario.||et_pb_line_break_holder||\u2022 Responder r\u00e1pidamente la consulta de las personas brinda mejores resultados.||et_pb_line_break_holder||&#8221; success_message=&#8221;\u00a1Muchas gracias! Nos pondremos en contacto a la brevedad.&#8221; _builder_version=&#8221;4.18.0&#8243; _module_preset=&#8221;default&#8221; _unique_id=&#8221;d0f259d5-390c-4ef7-b2cf-c74e54095155&#8243; form_field_background_color=&#8221;#EFEFEF&#8221; form_field_text_color=&#8221;#707070&#8243; title_font=&#8221;Oswald|700||on|||||&#8221; title_text_color=&#8221;#FFFFFF&#8221; title_font_size=&#8221;18px&#8221; form_field_font=&#8221;Lato||||||||&#8221; custom_button=&#8221;on&#8221; button_text_size=&#8221;15px&#8221; button_text_color=&#8221;#FFFFFF&#8221; button_bg_color=&#8221;#E09C37&#8243; button_font=&#8221;Oswald|||on|||||&#8221; button_use_icon=&#8221;off&#8221; button_custom_margin=&#8221;8px||||false|false&#8221; button_custom_padding=&#8221;6px|50px|6px|50px|true|true&#8221; global_colors_info=&#8221;{}&#8221; title__hover_enabled=&#8221;off|desktop&#8221; title__hover=&#8221;Formulario de contacto&#8221; button_bg_color__hover_enabled=&#8221;on|hover&#8221; button_bg_color__hover=&#8221;#DF4C2A&#8221; button_bg_enable_color__hover=&#8221;on&#8221;][et_pb_contact_field field_id=&#8221;Nombre&#8221; field_title=&#8221;Nombre y Apellido&#8221; fullwidth_field=&#8221;on&#8221; _builder_version=&#8221;4.18.0&#8243; global_colors_info=&#8221;{}&#8221; button_text_size__hover_enabled=&#8221;off&#8221; button_one_text_size__hover_enabled=&#8221;off&#8221; button_two_text_size__hover_enabled=&#8221;off&#8221; button_text_color__hover_enabled=&#8221;off&#8221; button_one_text_color__hover_enabled=&#8221;off&#8221; button_two_text_color__hover_enabled=&#8221;off&#8221; button_border_width__hover_enabled=&#8221;off&#8221; button_one_border_width__hover_enabled=&#8221;off&#8221; button_two_border_width__hover_enabled=&#8221;off&#8221; button_border_color__hover_enabled=&#8221;off&#8221; button_one_border_color__hover_enabled=&#8221;off&#8221; button_two_border_color__hover_enabled=&#8221;off&#8221; button_border_radius__hover_enabled=&#8221;off&#8221; button_one_border_radius__hover_enabled=&#8221;off&#8221; button_two_border_radius__hover_enabled=&#8221;off&#8221; button_letter_spacing__hover_enabled=&#8221;off&#8221; button_one_letter_spacing__hover_enabled=&#8221;off&#8221; button_two_letter_spacing__hover_enabled=&#8221;off&#8221; button_bg_color__hover_enabled=&#8221;off&#8221; button_one_bg_color__hover_enabled=&#8221;off&#8221; button_two_bg_color__hover_enabled=&#8221;off&#8221;][\/et_pb_contact_field][et_pb_contact_field field_id=&#8221;E-mail&#8221; field_title=&#8221;E-mail&#8221; fullwidth_field=&#8221;on&#8221; _builder_version=&#8221;4.18.0&#8243; global_colors_info=&#8221;{}&#8221; button_text_size__hover_enabled=&#8221;off&#8221; button_one_text_size__hover_enabled=&#8221;off&#8221; button_two_text_size__hover_enabled=&#8221;off&#8221; button_text_color__hover_enabled=&#8221;off&#8221; button_one_text_color__hover_enabled=&#8221;off&#8221; button_two_text_color__hover_enabled=&#8221;off&#8221; button_border_width__hover_enabled=&#8221;off&#8221; button_one_border_width__hover_enabled=&#8221;off&#8221; button_two_border_width__hover_enabled=&#8221;off&#8221; button_border_color__hover_enabled=&#8221;off&#8221; button_one_border_color__hover_enabled=&#8221;off&#8221; button_two_border_color__hover_enabled=&#8221;off&#8221; button_border_radius__hover_enabled=&#8221;off&#8221; button_one_border_radius__hover_enabled=&#8221;off&#8221; button_two_border_radius__hover_enabled=&#8221;off&#8221; button_letter_spacing__hover_enabled=&#8221;off&#8221; button_one_letter_spacing__hover_enabled=&#8221;off&#8221; button_two_letter_spacing__hover_enabled=&#8221;off&#8221; button_bg_color__hover_enabled=&#8221;off&#8221; button_one_bg_color__hover_enabled=&#8221;off&#8221; button_two_bg_color__hover_enabled=&#8221;off&#8221;][\/et_pb_contact_field][et_pb_contact_field field_id=&#8221;Whatsapp&#8221; field_title=&#8221;Whatsapp&#8221; fullwidth_field=&#8221;on&#8221; _builder_version=&#8221;4.18.0&#8243; global_colors_info=&#8221;{}&#8221; button_text_size__hover_enabled=&#8221;off&#8221; button_one_text_size__hover_enabled=&#8221;off&#8221; button_two_text_size__hover_enabled=&#8221;off&#8221; button_text_color__hover_enabled=&#8221;off&#8221; button_one_text_color__hover_enabled=&#8221;off&#8221; button_two_text_color__hover_enabled=&#8221;off&#8221; button_border_width__hover_enabled=&#8221;off&#8221; button_one_border_width__hover_enabled=&#8221;off&#8221; button_two_border_width__hover_enabled=&#8221;off&#8221; button_border_color__hover_enabled=&#8221;off&#8221; button_one_border_color__hover_enabled=&#8221;off&#8221; button_two_border_color__hover_enabled=&#8221;off&#8221; button_border_radius__hover_enabled=&#8221;off&#8221; button_one_border_radius__hover_enabled=&#8221;off&#8221; button_two_border_radius__hover_enabled=&#8221;off&#8221; button_letter_spacing__hover_enabled=&#8221;off&#8221; button_one_letter_spacing__hover_enabled=&#8221;off&#8221; button_two_letter_spacing__hover_enabled=&#8221;off&#8221; button_bg_color__hover_enabled=&#8221;off&#8221; button_one_bg_color__hover_enabled=&#8221;off&#8221; button_two_bg_color__hover_enabled=&#8221;off&#8221;][\/et_pb_contact_field][et_pb_contact_field field_id=&#8221;Message&#8221; field_title=&#8221;Mensaje&#8221; field_type=&#8221;text&#8221; fullwidth_field=&#8221;on&#8221; _builder_version=&#8221;4.16&#8243; global_colors_info=&#8221;{}&#8221; button_text_size__hover_enabled=&#8221;off&#8221; button_one_text_size__hover_enabled=&#8221;off&#8221; button_two_text_size__hover_enabled=&#8221;off&#8221; button_text_color__hover_enabled=&#8221;off&#8221; button_one_text_color__hover_enabled=&#8221;off&#8221; button_two_text_color__hover_enabled=&#8221;off&#8221; button_border_width__hover_enabled=&#8221;off&#8221; button_one_border_width__hover_enabled=&#8221;off&#8221; button_two_border_width__hover_enabled=&#8221;off&#8221; button_border_color__hover_enabled=&#8221;off&#8221; button_one_border_color__hover_enabled=&#8221;off&#8221; button_two_border_color__hover_enabled=&#8221;off&#8221; button_border_radius__hover_enabled=&#8221;off&#8221; button_one_border_radius__hover_enabled=&#8221;off&#8221; button_two_border_radius__hover_enabled=&#8221;off&#8221; button_letter_spacing__hover_enabled=&#8221;off&#8221; button_one_letter_spacing__hover_enabled=&#8221;off&#8221; button_two_letter_spacing__hover_enabled=&#8221;off&#8221; button_bg_color__hover_enabled=&#8221;off&#8221; button_one_bg_color__hover_enabled=&#8221;off&#8221; button_two_bg_color__hover_enabled=&#8221;off&#8221;][\/et_pb_contact_field][\/et_pb_contact_form][\/et_pb_column][\/et_pb_row][\/et_pb_section][et_pb_section fb_built=&#8221;1&#8243; _builder_version=&#8221;4.18.0&#8243; _module_preset=&#8221;default&#8221; background_color=&#8221;#0B1E41&#8243; custom_padding=&#8221;4vh||4vh||true|false&#8221; da_disable_devices=&#8221;off|off|off&#8221; locked=&#8221;off&#8221; global_colors_info=&#8221;{}&#8221; da_is_popup=&#8221;off&#8221; da_exit_intent=&#8221;off&#8221; da_has_close=&#8221;on&#8221; da_alt_close=&#8221;off&#8221; da_dark_close=&#8221;off&#8221; da_not_modal=&#8221;on&#8221; da_is_singular=&#8221;off&#8221; da_with_loader=&#8221;off&#8221; da_has_shadow=&#8221;on&#8221;][et_pb_row column_structure=&#8221;1_3,1_3,1_3&#8243; use_custom_gutter=&#8221;on&#8221; gutter_width=&#8221;1&#8243; _builder_version=&#8221;4.18.0&#8243; _module_preset=&#8221;default&#8221; custom_padding=&#8221;0px||0px||true|false&#8221; global_colors_info=&#8221;{}&#8221;][et_pb_column type=&#8221;1_3&#8243; _builder_version=&#8221;4.18.0&#8243; _module_preset=&#8221;default&#8221; global_colors_info=&#8221;{}&#8221;][et_pb_text _builder_version=&#8221;4.18.0&#8243; _module_preset=&#8221;default&#8221; text_font=&#8221;Lato|700||on|||||&#8221; text_text_color=&#8221;#FFFFFF&#8221; text_font_size=&#8221;20px&#8221; custom_margin=&#8221;4px||0px||false|false&#8221; custom_margin_tablet=&#8221;||10px||false|false&#8221; custom_margin_phone=&#8221;||10px||false|false&#8221; custom_margin_last_edited=&#8221;on|tablet&#8221; custom_padding=&#8221;||0px||false|false&#8221; text_orientation_tablet=&#8221;center&#8221; text_orientation_phone=&#8221;center&#8221; text_orientation_last_edited=&#8221;on|tablet&#8221; global_colors_info=&#8221;{}&#8221;]<\/p>\n<p>Compra arte independiente<\/p>\n<p>[\/et_pb_text][\/et_pb_column][et_pb_column type=&#8221;1_3&#8243; _builder_version=&#8221;4.18.0&#8243; _module_preset=&#8221;default&#8221; global_colors_info=&#8221;{}&#8221;][et_pb_text _builder_version=&#8221;4.18.0&#8243; _module_preset=&#8221;default&#8221; text_font=&#8221;Lato||on||||||&#8221; text_text_color=&#8221;#FFFFFF&#8221; text_font_size=&#8221;16px&#8221; text_orientation=&#8221;center&#8221; custom_margin=&#8221;7px||||false|false&#8221; custom_margin_tablet=&#8221;4px||15px||false|false&#8221; custom_margin_phone=&#8221;4px||15px||false|false&#8221; custom_margin_last_edited=&#8221;on|phone&#8221; locked=&#8221;off&#8221; global_colors_info=&#8221;{}&#8221;]<\/p>\n<p>M\u00e1s de 5 a\u00f1os haciendo arte.<\/p>\n<p>[\/et_pb_text][\/et_pb_column][et_pb_column type=&#8221;1_3&#8243; _builder_version=&#8221;4.18.0&#8243; _module_preset=&#8221;default&#8221; global_colors_info=&#8221;{}&#8221;][et_pb_button button_url=&#8221;https:\/\/elpachilinartista.com\/sitio\/proceso-creativo\/#proceso&#8221; button_text=&#8221;Ver proceso&#8221; button_alignment=&#8221;right&#8221; button_alignment_tablet=&#8221;center&#8221; button_alignment_phone=&#8221;center&#8221; button_alignment_last_edited=&#8221;on|tablet&#8221; _builder_version=&#8221;4.18.0&#8243; _module_preset=&#8221;d08691c7-c32c-45e9-b663-8571512ee84f&#8221; button_text_color=&#8221;#FFFFFF&#8221; position_origin_a=&#8221;center_right&#8221; position_origin_a_tablet=&#8221;center_right&#8221; position_origin_a_phone=&#8221;center_right&#8221; position_origin_a_last_edited=&#8221;on|tablet&#8221; position_origin_f_tablet=&#8221;&#8221; position_origin_f_phone=&#8221;&#8221; position_origin_f_last_edited=&#8221;on|desktop&#8221; position_origin_r_tablet=&#8221;&#8221; position_origin_r_phone=&#8221;&#8221; position_origin_r_last_edited=&#8221;on|desktop&#8221; custom_margin=&#8221;-3px||||false|false&#8221; positioning_tablet=&#8221;none&#8221; positioning_phone=&#8221;none&#8221; positioning_last_edited=&#8221;on|desktop&#8221; global_colors_info=&#8221;{}&#8221; button_text_size__hover_enabled=&#8221;off|hover&#8221;][\/et_pb_button][\/et_pb_column][\/et_pb_row][\/et_pb_section]<\/p>\n","protected":false},"excerpt":{"rendered":"<p>D\u00e9jame tu consultaCont\u00e1ctate conmigoPuedes escribirme por mail, WhatsApp, redes sociales o tambi\u00e9n dejar tu informaci\u00f3n en el formulario y en breve me comunicar\u00e9 contigo.Costa Calma, Fuerteventura, Canarias, Espa\u00f1aFlexibilidad horaria+0034 696517017fonsipachilin@hotmail.comS\u00edgueme en las redes\/el.pachilin.artista\/el.pachilin.artistaCompra arte independienteM\u00e1s de 5 a\u00f1os haciendo arte.<\/p>\n","protected":false},"author":3,"featured_media":0,"parent":0,"menu_order":0,"comment_status":"closed","ping_status":"closed","template":"","meta":{"_et_pb_use_builder":"on","_et_pb_old_content":"<!-- wp:divi\/placeholder \/-->","_et_gb_content_width":"","_joinchat":[],"footnotes":""},"class_list":["post-697","page","type-page","status-publish","hentry"],"yoast_head":"<!-- This site is optimized with the Yoast SEO plugin v27.4 - https:\/\/yoast.com\/product\/yoast-seo-wordpress\/ -->\n<title>Contacto - Alfonso Pachil\u00edn<\/title>\n<meta name=\"robots\" content=\"index, follow, max-snippet:-1, max-image-preview:large, max-video-preview:-1\" \/>\n<link rel=\"canonical\" href=\"https:\/\/elpachilinartista.com\/sitio\/contacto\/\" \/>\n<meta property=\"og:locale\" content=\"es_ES\" \/>\n<meta property=\"og:type\" content=\"article\" \/>\n<meta property=\"og:title\" content=\"Contacto - Alfonso Pachil\u00edn\" \/>\n<meta property=\"og:description\" content=\"D\u00e9jame tu consultaCont\u00e1ctate conmigoPuedes escribirme por mail, WhatsApp, redes sociales o tambi\u00e9n dejar tu informaci\u00f3n en el formulario y en breve me comunicar\u00e9 contigo.Costa Calma, Fuerteventura, Canarias, Espa\u00f1aFlexibilidad horaria+0034 696517017fonsipachilin@hotmail.comS\u00edgueme en las redes\/el.pachilin.artista\/el.pachilin.artistaCompra arte independienteM\u00e1s de 5 a\u00f1os haciendo arte.\" \/>\n<meta property=\"og:url\" content=\"https:\/\/elpachilinartista.com\/sitio\/contacto\/\" \/>\n<meta property=\"og:site_name\" content=\"Alfonso Pachil\u00edn\" \/>\n<meta property=\"article:modified_time\" content=\"2022-10-24T11:36:16+00:00\" \/>\n<meta name=\"twitter:card\" content=\"summary_large_image\" \/>\n<meta name=\"twitter:label1\" content=\"Tiempo de lectura\" \/>\n\t<meta name=\"twitter:data1\" content=\"10 minutos\" \/>\n<script type=\"application\/ld+json\" class=\"yoast-schema-graph\">{\"@context\":\"https:\\\/\\\/schema.org\",\"@graph\":[{\"@type\":\"WebPage\",\"@id\":\"https:\\\/\\\/elpachilinartista.com\\\/sitio\\\/contacto\\\/\",\"url\":\"https:\\\/\\\/elpachilinartista.com\\\/sitio\\\/contacto\\\/\",\"name\":\"Contacto - Alfonso Pachil\u00edn\",\"isPartOf\":{\"@id\":\"https:\\\/\\\/elpachilinartista.com\\\/sitio\\\/#website\"},\"datePublished\":\"2021-09-30T18:07:56+00:00\",\"dateModified\":\"2022-10-24T11:36:16+00:00\",\"breadcrumb\":{\"@id\":\"https:\\\/\\\/elpachilinartista.com\\\/sitio\\\/contacto\\\/#breadcrumb\"},\"inLanguage\":\"es\",\"potentialAction\":[{\"@type\":\"ReadAction\",\"target\":[\"https:\\\/\\\/elpachilinartista.com\\\/sitio\\\/contacto\\\/\"]}]},{\"@type\":\"BreadcrumbList\",\"@id\":\"https:\\\/\\\/elpachilinartista.com\\\/sitio\\\/contacto\\\/#breadcrumb\",\"itemListElement\":[{\"@type\":\"ListItem\",\"position\":1,\"name\":\"Home\",\"item\":\"https:\\\/\\\/elpachilinartista.com\\\/sitio\\\/\"},{\"@type\":\"ListItem\",\"position\":2,\"name\":\"Contacto\"}]},{\"@type\":\"WebSite\",\"@id\":\"https:\\\/\\\/elpachilinartista.com\\\/sitio\\\/#website\",\"url\":\"https:\\\/\\\/elpachilinartista.com\\\/sitio\\\/\",\"name\":\"Alfonso Pachil\u00edn\",\"description\":\"-\",\"potentialAction\":[{\"@type\":\"SearchAction\",\"target\":{\"@type\":\"EntryPoint\",\"urlTemplate\":\"https:\\\/\\\/elpachilinartista.com\\\/sitio\\\/?s={search_term_string}\"},\"query-input\":{\"@type\":\"PropertyValueSpecification\",\"valueRequired\":true,\"valueName\":\"search_term_string\"}}],\"inLanguage\":\"es\"}]}<\/script>\n<!-- \/ Yoast SEO plugin. -->","yoast_head_json":{"title":"Contacto - Alfonso Pachil\u00edn","robots":{"index":"index","follow":"follow","max-snippet":"max-snippet:-1","max-image-preview":"max-image-preview:large","max-video-preview":"max-video-preview:-1"},"canonical":"https:\/\/elpachilinartista.com\/sitio\/contacto\/","og_locale":"es_ES","og_type":"article","og_title":"Contacto - Alfonso Pachil\u00edn","og_description":"D\u00e9jame tu consultaCont\u00e1ctate conmigoPuedes escribirme por mail, WhatsApp, redes sociales o tambi\u00e9n dejar tu informaci\u00f3n en el formulario y en breve me comunicar\u00e9 contigo.Costa Calma, Fuerteventura, Canarias, Espa\u00f1aFlexibilidad horaria+0034 696517017fonsipachilin@hotmail.comS\u00edgueme en las redes\/el.pachilin.artista\/el.pachilin.artistaCompra arte independienteM\u00e1s de 5 a\u00f1os haciendo arte.","og_url":"https:\/\/elpachilinartista.com\/sitio\/contacto\/","og_site_name":"Alfonso Pachil\u00edn","article_modified_time":"2022-10-24T11:36:16+00:00","twitter_card":"summary_large_image","twitter_misc":{"Tiempo de lectura":"10 minutos"},"schema":{"@context":"https:\/\/schema.org","@graph":[{"@type":"WebPage","@id":"https:\/\/elpachilinartista.com\/sitio\/contacto\/","url":"https:\/\/elpachilinartista.com\/sitio\/contacto\/","name":"Contacto - Alfonso Pachil\u00edn","isPartOf":{"@id":"https:\/\/elpachilinartista.com\/sitio\/#website"},"datePublished":"2021-09-30T18:07:56+00:00","dateModified":"2022-10-24T11:36:16+00:00","breadcrumb":{"@id":"https:\/\/elpachilinartista.com\/sitio\/contacto\/#breadcrumb"},"inLanguage":"es","potentialAction":[{"@type":"ReadAction","target":["https:\/\/elpachilinartista.com\/sitio\/contacto\/"]}]},{"@type":"BreadcrumbList","@id":"https:\/\/elpachilinartista.com\/sitio\/contacto\/#breadcrumb","itemListElement":[{"@type":"ListItem","position":1,"name":"Home","item":"https:\/\/elpachilinartista.com\/sitio\/"},{"@type":"ListItem","position":2,"name":"Contacto"}]},{"@type":"WebSite","@id":"https:\/\/elpachilinartista.com\/sitio\/#website","url":"https:\/\/elpachilinartista.com\/sitio\/","name":"Alfonso Pachil\u00edn","description":"-","potentialAction":[{"@type":"SearchAction","target":{"@type":"EntryPoint","urlTemplate":"https:\/\/elpachilinartista.com\/sitio\/?s={search_term_string}"},"query-input":{"@type":"PropertyValueSpecification","valueRequired":true,"valueName":"search_term_string"}}],"inLanguage":"es"}]}},"_links":{"self":[{"href":"https:\/\/elpachilinartista.com\/sitio\/wp-json\/wp\/v2\/pages\/697","targetHints":{"allow":["GET"]}}],"collection":[{"href":"https:\/\/elpachilinartista.com\/sitio\/wp-json\/wp\/v2\/pages"}],"about":[{"href":"https:\/\/elpachilinartista.com\/sitio\/wp-json\/wp\/v2\/types\/page"}],"author":[{"embeddable":true,"href":"https:\/\/elpachilinartista.com\/sitio\/wp-json\/wp\/v2\/users\/3"}],"replies":[{"embeddable":true,"href":"https:\/\/elpachilinartista.com\/sitio\/wp-json\/wp\/v2\/comments?post=697"}],"version-history":[{"count":32,"href":"https:\/\/elpachilinartista.com\/sitio\/wp-json\/wp\/v2\/pages\/697\/revisions"}],"predecessor-version":[{"id":2110,"href":"https:\/\/elpachilinartista.com\/sitio\/wp-json\/wp\/v2\/pages\/697\/revisions\/2110"}],"wp:attachment":[{"href":"https:\/\/elpachilinartista.com\/sitio\/wp-json\/wp\/v2\/media?parent=697"}],"curies":[{"name":"wp","href":"https:\/\/api.w.org\/{rel}","templated":true}]}}